{"id":436,"date":"2025-05-19T09:54:29","date_gmt":"2025-05-19T07:54:29","guid":{"rendered":"https:\/\/pilatxperiences.com\/?post_type=product&#038;p=436"},"modified":"2026-01-29T08:50:53","modified_gmt":"2026-01-29T07:50:53","slug":"shotgun-combo-pro-adaptation-pour-enfant-sur-velo","status":"publish","type":"product","link":"https:\/\/pilatxperiences.com\/index.php\/produit\/shotgun-combo-pro-adaptation-pour-enfant-sur-velo\/","title":{"rendered":"SHOTGUN COMBO PRO &#8211; Adaptation pour enfant sur V\u00e9lo"},"content":{"rendered":"<p>Emmenez votre enfant avec vous en balade. De 2 \u00e0 5 ans.<\/p>\n<p><img loading=\"lazy\" decoding=\"async\" class=\"alignnone wp-image-442\" src=\"http:\/\/pilatxperiences.com\/wp-content\/uploads\/2025\/05\/IMG_2468-166x300.jpg\" alt=\"\" width=\"178\" height=\"322\" srcset=\"https:\/\/pilatxperiences.com\/wp-content\/uploads\/2025\/05\/IMG_2468-166x300.jpg 166w, https:\/\/pilatxperiences.com\/wp-content\/uploads\/2025\/05\/IMG_2468.jpg 523w\" sizes=\"auto, (max-width: 178px) 100vw, 178px\" \/><\/p>\n<p>Une selle enfant qui s&#8217;adapte entre la selle du parent et le guidon<\/p>\n<p>Un guidon enfant adaptable sur le guidon de papa ou maman, et laisser la magie op\u00e9r\u00e9.<\/p>\n<p>La selle se fixe et s&#8217;enl\u00e8ve en un clin d&#8217;\u0153il, n&#8217;a aucun contact avec le cadre et est enti\u00e8rement r\u00e9glable pour s&#8217;adapter aux v\u00e9los tout-terrain \u00e9lectriques et classiques.<\/p>\n<p>Le recul et l&#8217;allonge des jambes s&#8217;adapte \u00e0 l&#8217;enfant.<\/p>\n<p>&nbsp;<\/p>\n<p><img loading=\"lazy\" decoding=\"async\" class=\"alignnone size-medium wp-image-438\" src=\"http:\/\/pilatxperiences.com\/wp-content\/uploads\/2025\/05\/KRS_Combo_Grey_1_1-1-300x300.webp\" alt=\"\" width=\"300\" height=\"300\" srcset=\"https:\/\/pilatxperiences.com\/wp-content\/uploads\/2025\/05\/KRS_Combo_Grey_1_1-1-300x300.webp 300w, https:\/\/pilatxperiences.com\/wp-content\/uploads\/2025\/05\/KRS_Combo_Grey_1_1-1-1024x1024.webp 1024w, https:\/\/pilatxperiences.com\/wp-content\/uploads\/2025\/05\/KRS_Combo_Grey_1_1-1-150x150.webp 150w, https:\/\/pilatxperiences.com\/wp-content\/uploads\/2025\/05\/KRS_Combo_Grey_1_1-1-768x768.webp 768w, https:\/\/pilatxperiences.com\/wp-content\/uploads\/2025\/05\/KRS_Combo_Grey_1_1-1-1536x1536.webp 1536w, https:\/\/pilatxperiences.com\/wp-content\/uploads\/2025\/05\/KRS_Combo_Grey_1_1-1-600x600.webp 600w, https:\/\/pilatxperiences.com\/wp-content\/uploads\/2025\/05\/KRS_Combo_Grey_1_1-1-100x100.webp 100w, https:\/\/pilatxperiences.com\/wp-content\/uploads\/2025\/05\/KRS_Combo_Grey_1_1-1.webp 1946w\" sizes=\"auto, (max-width: 300px) 100vw, 300px\" \/> <img loading=\"lazy\" decoding=\"async\" class=\"alignnone size-medium wp-image-439\" src=\"http:\/\/pilatxperiences.com\/wp-content\/uploads\/2025\/05\/KRSProBarsGrey31-1_10f40eb2-1210-475e-aee2-8d27a679b75b-300x300.webp\" alt=\"\" width=\"300\" height=\"300\" srcset=\"https:\/\/pilatxperiences.com\/wp-content\/uploads\/2025\/05\/KRSProBarsGrey31-1_10f40eb2-1210-475e-aee2-8d27a679b75b-300x300.webp 300w, https:\/\/pilatxperiences.com\/wp-content\/uploads\/2025\/05\/KRSProBarsGrey31-1_10f40eb2-1210-475e-aee2-8d27a679b75b-1024x1024.webp 1024w, https:\/\/pilatxperiences.com\/wp-content\/uploads\/2025\/05\/KRSProBarsGrey31-1_10f40eb2-1210-475e-aee2-8d27a679b75b-150x150.webp 150w, https:\/\/pilatxperiences.com\/wp-content\/uploads\/2025\/05\/KRSProBarsGrey31-1_10f40eb2-1210-475e-aee2-8d27a679b75b-768x768.webp 768w, https:\/\/pilatxperiences.com\/wp-content\/uploads\/2025\/05\/KRSProBarsGrey31-1_10f40eb2-1210-475e-aee2-8d27a679b75b-1536x1536.webp 1536w, https:\/\/pilatxperiences.com\/wp-content\/uploads\/2025\/05\/KRSProBarsGrey31-1_10f40eb2-1210-475e-aee2-8d27a679b75b-600x600.webp 600w, https:\/\/pilatxperiences.com\/wp-content\/uploads\/2025\/05\/KRSProBarsGrey31-1_10f40eb2-1210-475e-aee2-8d27a679b75b-100x100.webp 100w, https:\/\/pilatxperiences.com\/wp-content\/uploads\/2025\/05\/KRSProBarsGrey31-1_10f40eb2-1210-475e-aee2-8d27a679b75b.webp 1946w\" sizes=\"auto, (max-width: 300px) 100vw, 300px\" \/> <img loading=\"lazy\" decoding=\"async\" class=\"alignnone size-medium wp-image-440\" src=\"http:\/\/pilatxperiences.com\/wp-content\/uploads\/2025\/05\/KRSProBarsGrey41-1_f9b0c6bd-9881-47d7-9551-27a5270c83e6-300x300.webp\" alt=\"\" width=\"300\" height=\"300\" srcset=\"https:\/\/pilatxperiences.com\/wp-content\/uploads\/2025\/05\/KRSProBarsGrey41-1_f9b0c6bd-9881-47d7-9551-27a5270c83e6-300x300.webp 300w, https:\/\/pilatxperiences.com\/wp-content\/uploads\/2025\/05\/KRSProBarsGrey41-1_f9b0c6bd-9881-47d7-9551-27a5270c83e6-1024x1024.webp 1024w, https:\/\/pilatxperiences.com\/wp-content\/uploads\/2025\/05\/KRSProBarsGrey41-1_f9b0c6bd-9881-47d7-9551-27a5270c83e6-150x150.webp 150w, https:\/\/pilatxperiences.com\/wp-content\/uploads\/2025\/05\/KRSProBarsGrey41-1_f9b0c6bd-9881-47d7-9551-27a5270c83e6-768x768.webp 768w, https:\/\/pilatxperiences.com\/wp-content\/uploads\/2025\/05\/KRSProBarsGrey41-1_f9b0c6bd-9881-47d7-9551-27a5270c83e6-1536x1536.webp 1536w, https:\/\/pilatxperiences.com\/wp-content\/uploads\/2025\/05\/KRSProBarsGrey41-1_f9b0c6bd-9881-47d7-9551-27a5270c83e6-600x600.webp 600w, https:\/\/pilatxperiences.com\/wp-content\/uploads\/2025\/05\/KRSProBarsGrey41-1_f9b0c6bd-9881-47d7-9551-27a5270c83e6-100x100.webp 100w, https:\/\/pilatxperiences.com\/wp-content\/uploads\/2025\/05\/KRSProBarsGrey41-1_f9b0c6bd-9881-47d7-9551-27a5270c83e6.webp 1946w\" sizes=\"auto, (max-width: 300px) 100vw, 300px\" \/><\/p>\n<div style=\"width: 1920px;\" class=\"wp-video\"><video class=\"wp-video-shortcode\" id=\"video-436-1\" width=\"1920\" height=\"1080\" preload=\"metadata\" controls=\"controls\"><source type=\"video\/mp4\" src=\"http:\/\/pilatxperiences.com\/wp-content\/uploads\/2025\/05\/EA214FA2-AC18-416E-A0D3-B31B226ED2CA.mp4?_=1\" \/><a href=\"http:\/\/pilatxperiences.com\/wp-content\/uploads\/2025\/05\/EA214FA2-AC18-416E-A0D3-B31B226ED2CA.mp4\">http:\/\/pilatxperiences.com\/wp-content\/uploads\/2025\/05\/EA214FA2-AC18-416E-A0D3-B31B226ED2CA.mp4<\/a><\/video><\/div>\n<p>&nbsp;<\/p>\n","protected":false},"excerpt":{"rendered":"<p>Emmenez votre enfant avec vous en balade. De 2 \u00e0 5 ans. Une selle enfant qui s&#8217;adapte entre la selle du parent et le guidon Un guidon enfant adaptable sur le guidon de papa ou maman, et laisser la magie op\u00e9r\u00e9. La selle se fixe et s&#8217;enl\u00e8ve en un clin d&#8217;\u0153il, n&#8217;a aucun contact avec [&hellip;]<\/p>\n","protected":false},"featured_media":438,"comment_status":"closed","ping_status":"closed","template":"","meta":[],"product_brand":[42],"product_cat":[43],"product_tag":[],"class_list":{"0":"post-436","1":"product","2":"type-product","3":"status-publish","4":"has-post-thumbnail","6":"product_brand-shotgun","7":"product_cat-accessoires","9":"first","10":"instock","11":"taxable","12":"shipping-taxable","13":"purchasable","14":"product-type-simple"},"jetpack_sharing_enabled":true,"_links":{"self":[{"href":"https:\/\/pilatxperiences.com\/index.php\/wp-json\/wp\/v2\/product\/436","targetHints":{"allow":["GET"]}}],"collection":[{"href":"https:\/\/pilatxperiences.com\/index.php\/wp-json\/wp\/v2\/product"}],"about":[{"href":"https:\/\/pilatxperiences.com\/index.php\/wp-json\/wp\/v2\/types\/product"}],"replies":[{"embeddable":true,"href":"https:\/\/pilatxperiences.com\/index.php\/wp-json\/wp\/v2\/comments?post=436"}],"wp:featuredmedia":[{"embeddable":true,"href":"https:\/\/pilatxperiences.com\/index.php\/wp-json\/wp\/v2\/media\/438"}],"wp:attachment":[{"href":"https:\/\/pilatxperiences.com\/index.php\/wp-json\/wp\/v2\/media?parent=436"}],"wp:term":[{"taxonomy":"product_brand","embeddable":true,"href":"https:\/\/pilatxperiences.com\/index.php\/wp-json\/wp\/v2\/product_brand?post=436"},{"taxonomy":"product_cat","embeddable":true,"href":"https:\/\/pilatxperiences.com\/index.php\/wp-json\/wp\/v2\/product_cat?post=436"},{"taxonomy":"product_tag","embeddable":true,"href":"https:\/\/pilatxperiences.com\/index.php\/wp-json\/wp\/v2\/product_tag?post=436"}],"curies":[{"name":"wp","href":"https:\/\/api.w.org\/{rel}","templated":true}]}}