{"id":407,"date":"2025-04-19T15:06:56","date_gmt":"2025-04-19T13:06:56","guid":{"rendered":"https:\/\/pilatxperiences.com\/?post_type=product&#038;p=407"},"modified":"2025-05-09T09:40:41","modified_gmt":"2025-05-09T07:40:41","slug":"globe-3t-trottinettes-e-onride","status":"publish","type":"product","link":"https:\/\/pilatxperiences.com\/index.php\/produit\/globe-3t-trottinettes-e-onride\/","title":{"rendered":"GLOBE 3T &#8211; Trottinettes E-Onride"},"content":{"rendered":"<p><img loading=\"lazy\" decoding=\"async\" class=\"alignnone size-medium wp-image-402\" src=\"http:\/\/pilatxperiences.com\/wp-content\/uploads\/2025\/04\/image-300x200.png\" alt=\"\" width=\"300\" height=\"200\" srcset=\"https:\/\/pilatxperiences.com\/wp-content\/uploads\/2025\/04\/image-300x200.png 300w, https:\/\/pilatxperiences.com\/wp-content\/uploads\/2025\/04\/image-1024x683.png 1024w, https:\/\/pilatxperiences.com\/wp-content\/uploads\/2025\/04\/image-768x513.png 768w, https:\/\/pilatxperiences.com\/wp-content\/uploads\/2025\/04\/image-1536x1025.png 1536w, https:\/\/pilatxperiences.com\/wp-content\/uploads\/2025\/04\/image-2048x1367.png 2048w, https:\/\/pilatxperiences.com\/wp-content\/uploads\/2025\/04\/image-600x400.png 600w\" sizes=\"auto, (max-width: 300px) 100vw, 300px\" \/><\/p>\n","protected":false},"excerpt":{"rendered":"<p>La gamme Onride \u00e0 \u00e9t\u00e9 cr\u00e9\u00e9e pour r\u00e9pondre au besoin de libert\u00e9 de d\u00e9placement sans aucune contrainte de poids dans le dos.<br \/>\nL\u2019ergonomie a \u00e9t\u00e9 optimis\u00e9 pour simplifier l\u2019usage, un seul \u00e9cran couleur int\u00e9gr\u00e9 dans le cadre m\u00eame sur la version bi-moteur. Une seul g\u00e2chette d\u2019acc\u00e9l\u00e9rateur.<br \/>\nNos batteries, ont une grande capacit\u00e9 (25 \u00e0 30 Ah) ce qui nous permet de parcourir 50 \u00e0 70 kilom\u00e8tres. Elle sont facilement d\u00e9montable sans outillage.<\/p>\n<p>Electronique et batterie de fabrication 100% Fran\u00e7aise garantie 2 ans.<\/p>\n<p>Motorisations propos\u00e9es : Bi-moteur 750 W<br \/>\nCadre semi rigide.<br \/>\nPneus FAT 24\/4\u2032<br \/>\nFreins \u00e0 disques hydrauliques 180 MM.<\/p>\n<h6>Nos trottinettes sont livr\u00e9es brid\u00e9es \u00e0 25km\/h, \u00e9clairage et sonnette r\u00e9glementaire fournis, une assurance circulation est obligatoire. Age l\u00e9gal sur la voie publique 14 ans.<\/h6>\n","protected":false},"featured_media":402,"comment_status":"open","ping_status":"closed","template":"","meta":[],"product_brand":[41],"product_cat":[38],"product_tag":[],"class_list":{"0":"post-407","1":"product","2":"type-product","3":"status-publish","4":"has-post-thumbnail","6":"product_brand-globe-3t","7":"product_cat-trottinettes-tout-terrain-electriques","9":"first","10":"instock","11":"taxable","12":"shipping-taxable","13":"purchasable","14":"product-type-simple"},"jetpack_sharing_enabled":true,"_links":{"self":[{"href":"https:\/\/pilatxperiences.com\/index.php\/wp-json\/wp\/v2\/product\/407","targetHints":{"allow":["GET"]}}],"collection":[{"href":"https:\/\/pilatxperiences.com\/index.php\/wp-json\/wp\/v2\/product"}],"about":[{"href":"https:\/\/pilatxperiences.com\/index.php\/wp-json\/wp\/v2\/types\/product"}],"replies":[{"embeddable":true,"href":"https:\/\/pilatxperiences.com\/index.php\/wp-json\/wp\/v2\/comments?post=407"}],"wp:featuredmedia":[{"embeddable":true,"href":"https:\/\/pilatxperiences.com\/index.php\/wp-json\/wp\/v2\/media\/402"}],"wp:attachment":[{"href":"https:\/\/pilatxperiences.com\/index.php\/wp-json\/wp\/v2\/media?parent=407"}],"wp:term":[{"taxonomy":"product_brand","embeddable":true,"href":"https:\/\/pilatxperiences.com\/index.php\/wp-json\/wp\/v2\/product_brand?post=407"},{"taxonomy":"product_cat","embeddable":true,"href":"https:\/\/pilatxperiences.com\/index.php\/wp-json\/wp\/v2\/product_cat?post=407"},{"taxonomy":"product_tag","embeddable":true,"href":"https:\/\/pilatxperiences.com\/index.php\/wp-json\/wp\/v2\/product_tag?post=407"}],"curies":[{"name":"wp","href":"https:\/\/api.w.org\/{rel}","templated":true}]}}