{"id":540,"date":"2025-06-11T12:04:03","date_gmt":"2025-06-11T10:04:03","guid":{"rendered":"https:\/\/pilatxperiences.com\/?page_id=540"},"modified":"2025-06-12T08:00:55","modified_gmt":"2025-06-12T06:00:55","slug":"vtt-a-assistance-electrique-e-rungu","status":"publish","type":"page","link":"https:\/\/pilatxperiences.com\/index.php\/vtt-a-assistance-electrique-e-rungu\/","title":{"rendered":"VTT \u00e0 Assistance Electrique E-Rungu"},"content":{"rendered":"<div class=\"wp-block-jetpack-tiled-gallery aligncenter is-style-rectangular\"><div class=\"\"><div class=\"tiled-gallery__gallery\"><div class=\"tiled-gallery__row\"><div class=\"tiled-gallery__col\" style=\"flex-basis:53.09481%\"><figure class=\"tiled-gallery__item\"><img decoding=\"async\" srcset=\"https:\/\/i0.wp.com\/pilatxperiences.com\/wp-content\/uploads\/2025\/06\/P6060279-768x1024.jpg?strip=info&#038;w=600&#038;ssl=1 600w,https:\/\/i0.wp.com\/pilatxperiences.com\/wp-content\/uploads\/2025\/06\/P6060279-768x1024.jpg?strip=info&#038;w=900&#038;ssl=1 900w,https:\/\/i0.wp.com\/pilatxperiences.com\/wp-content\/uploads\/2025\/06\/P6060279-768x1024.jpg?strip=info&#038;w=1200&#038;ssl=1 1200w,https:\/\/i0.wp.com\/pilatxperiences.com\/wp-content\/uploads\/2025\/06\/P6060279-768x1024.jpg?strip=info&#038;w=1500&#038;ssl=1 1500w,https:\/\/i0.wp.com\/pilatxperiences.com\/wp-content\/uploads\/2025\/06\/P6060279-768x1024.jpg?strip=info&#038;w=1800&#038;ssl=1 1800w,https:\/\/i0.wp.com\/pilatxperiences.com\/wp-content\/uploads\/2025\/06\/P6060279-768x1024.jpg?strip=info&#038;w=1920&#038;ssl=1 1920w\" alt=\"\" data-height=\"2560\" data-id=\"543\" data-link=\"https:\/\/pilatxperiences.com\/?attachment_id=543\" data-url=\"https:\/\/pilatxperiences.com\/wp-content\/uploads\/2025\/06\/P6060279-768x1024.jpg\" data-width=\"1920\" src=\"https:\/\/i0.wp.com\/pilatxperiences.com\/wp-content\/uploads\/2025\/06\/P6060279-768x1024.jpg?ssl=1\" data-amp-layout=\"responsive\" tabindex=\"0\" role=\"button\" aria-label=\"Ouvrir l\u2019image 1 sur 3 en plein \u00e9cran\"\/><\/figure><\/div><div class=\"tiled-gallery__col\" style=\"flex-basis:46.90519%\"><figure class=\"tiled-gallery__item\"><img decoding=\"async\" srcset=\"https:\/\/i0.wp.com\/pilatxperiences.com\/wp-content\/uploads\/2025\/06\/P6060286-1024x768.jpg?strip=info&#038;w=600&#038;ssl=1 600w,https:\/\/i0.wp.com\/pilatxperiences.com\/wp-content\/uploads\/2025\/06\/P6060286-1024x768.jpg?strip=info&#038;w=900&#038;ssl=1 900w,https:\/\/i0.wp.com\/pilatxperiences.com\/wp-content\/uploads\/2025\/06\/P6060286-1024x768.jpg?strip=info&#038;w=1200&#038;ssl=1 1200w,https:\/\/i0.wp.com\/pilatxperiences.com\/wp-content\/uploads\/2025\/06\/P6060286-1024x768.jpg?strip=info&#038;w=1500&#038;ssl=1 1500w,https:\/\/i0.wp.com\/pilatxperiences.com\/wp-content\/uploads\/2025\/06\/P6060286-1024x768.jpg?strip=info&#038;w=1800&#038;ssl=1 1800w,https:\/\/i0.wp.com\/pilatxperiences.com\/wp-content\/uploads\/2025\/06\/P6060286-1024x768.jpg?strip=info&#038;w=2000&#038;ssl=1 2000w\" alt=\"\" data-height=\"1920\" data-id=\"541\" data-link=\"https:\/\/pilatxperiences.com\/?attachment_id=541\" data-url=\"https:\/\/pilatxperiences.com\/wp-content\/uploads\/2025\/06\/P6060286-1024x768.jpg\" data-width=\"2560\" src=\"https:\/\/i0.wp.com\/pilatxperiences.com\/wp-content\/uploads\/2025\/06\/P6060286-1024x768.jpg?ssl=1\" data-amp-layout=\"responsive\" tabindex=\"0\" role=\"button\" aria-label=\"Ouvrir l\u2019image 2 sur 3 en plein \u00e9cran\"\/><\/figure><figure class=\"tiled-gallery__item\"><img decoding=\"async\" srcset=\"https:\/\/i0.wp.com\/pilatxperiences.com\/wp-content\/uploads\/2025\/06\/P6060304-1024x768.jpg?strip=info&#038;w=600&#038;ssl=1 600w,https:\/\/i0.wp.com\/pilatxperiences.com\/wp-content\/uploads\/2025\/06\/P6060304-1024x768.jpg?strip=info&#038;w=900&#038;ssl=1 900w,https:\/\/i0.wp.com\/pilatxperiences.com\/wp-content\/uploads\/2025\/06\/P6060304-1024x768.jpg?strip=info&#038;w=1200&#038;ssl=1 1200w,https:\/\/i0.wp.com\/pilatxperiences.com\/wp-content\/uploads\/2025\/06\/P6060304-1024x768.jpg?strip=info&#038;w=1500&#038;ssl=1 1500w,https:\/\/i0.wp.com\/pilatxperiences.com\/wp-content\/uploads\/2025\/06\/P6060304-1024x768.jpg?strip=info&#038;w=1800&#038;ssl=1 1800w,https:\/\/i0.wp.com\/pilatxperiences.com\/wp-content\/uploads\/2025\/06\/P6060304-1024x768.jpg?strip=info&#038;w=2000&#038;ssl=1 2000w\" alt=\"\" data-height=\"1920\" data-id=\"542\" data-link=\"https:\/\/pilatxperiences.com\/?attachment_id=542\" data-url=\"https:\/\/pilatxperiences.com\/wp-content\/uploads\/2025\/06\/P6060304-1024x768.jpg\" data-width=\"2560\" src=\"https:\/\/i0.wp.com\/pilatxperiences.com\/wp-content\/uploads\/2025\/06\/P6060304-1024x768.jpg?ssl=1\" data-amp-layout=\"responsive\" tabindex=\"0\" role=\"button\" aria-label=\"Ouvrir l\u2019image 3 sur 3 en plein \u00e9cran\"\/><\/figure><\/div><\/div><\/div><\/div><\/div><p>Produit Unique en Europe, disponible dans le Massif du Pilat<\/p><p>D&#8217;une stabilit\u00e9 hors pair, id\u00e9ale pour le franchissement. Pilotage ressemblant au quad. Autonomie de 40Km<\/p><p>Id\u00e9al en balade sur le domaine nordique, ou bien dans les sentiers de la Jasserie<br><\/p><div class=\"wp-block-group is-content-justification-center is-nowrap is-layout-flex wp-container-core-group-is-layout-94bc23d7 wp-block-group-is-layout-flex\"><div class=\"wp-block-columns is-layout-flex wp-container-core-columns-is-layout-9d6595d7 wp-block-columns-is-layout-flex\"><div class=\"wp-block-column is-layout-flow wp-block-column-is-layout-flow\" style=\"flex-basis:100%\"><div class=\"easyloisirs_module\" data-hash=\"3f82a82d5aa30097279e74eb854006417a7dc001\"><\/div><\/div><\/div>\n\n<div class=\"easyloisirs_module\" data-hash=\"8ab79ba99b663258b48471d2a03f24a116b3fd81\"><\/div><\/div><p><\/p>","protected":false},"excerpt":{"rendered":"<p>Produit Unique en Europe, disponible dans le Massif du Pilat D&#8217;une stabilit\u00e9 hors pair, id\u00e9ale pour le franchissement. Pilotage ressemblant au quad. Autonomie de 40Km Id\u00e9al en balade sur le domaine nordique, ou bien dans les sentiers de la Jasserie<\/p>\n","protected":false},"author":1,"featured_media":0,"parent":0,"menu_order":0,"comment_status":"closed","ping_status":"closed","template":"","meta":{"footnotes":""},"class_list":["post-540","page","type-page","status-publish","hentry"],"jetpack_sharing_enabled":true,"_links":{"self":[{"href":"https:\/\/pilatxperiences.com\/index.php\/wp-json\/wp\/v2\/pages\/540","targetHints":{"allow":["GET"]}}],"collection":[{"href":"https:\/\/pilatxperiences.com\/index.php\/wp-json\/wp\/v2\/pages"}],"about":[{"href":"https:\/\/pilatxperiences.com\/index.php\/wp-json\/wp\/v2\/types\/page"}],"author":[{"embeddable":true,"href":"https:\/\/pilatxperiences.com\/index.php\/wp-json\/wp\/v2\/users\/1"}],"replies":[{"embeddable":true,"href":"https:\/\/pilatxperiences.com\/index.php\/wp-json\/wp\/v2\/comments?post=540"}],"version-history":[{"count":8,"href":"https:\/\/pilatxperiences.com\/index.php\/wp-json\/wp\/v2\/pages\/540\/revisions"}],"predecessor-version":[{"id":568,"href":"https:\/\/pilatxperiences.com\/index.php\/wp-json\/wp\/v2\/pages\/540\/revisions\/568"}],"wp:attachment":[{"href":"https:\/\/pilatxperiences.com\/index.php\/wp-json\/wp\/v2\/media?parent=540"}],"curies":[{"name":"wp","href":"https:\/\/api.w.org\/{rel}","templated":true}]}}