{"id":31,"date":"2025-04-15T15:30:39","date_gmt":"2025-04-15T13:30:39","guid":{"rendered":"https:\/\/pilatxperiences.com\/index.php\/nos-trottinettes\/"},"modified":"2026-02-11T09:11:43","modified_gmt":"2026-02-11T08:11:43","slug":"vttaeettrottinetteelectrique","status":"publish","type":"page","link":"https:\/\/pilatxperiences.com\/index.php\/vttaeettrottinetteelectrique\/","title":{"rendered":"Louez Vos XPeriences!"},"content":{"rendered":"<p>Location de V\u00e9lo Tout Terrain \u00e0 Assistance Electrique et Trottinette Tout Terrain Electrique dans le Massif du Pilat<\/p><p>Seul(e), en famille ou entre amis, notre Parc de Location s&#8217;adapte \u00e0 tous, de 3 \u00e0 99 ans!<\/p><p><strong>Trottinette Tout Terrain Electrique:<\/strong><\/p><p>A partir de 14 ans, fun et diff\u00e9rent, arpentez les sentiers et pistes, profitez de l&#8217;air frais et des points de vues<\/p><figure class=\"wp-block-image size-large\"><img loading=\"lazy\" decoding=\"async\" width=\"1024\" height=\"683\" src=\"https:\/\/pilatxperiences.com\/wp-content\/uploads\/2025\/04\/image-1024x683.png\" alt=\"\" class=\"wp-image-402\" srcset=\"https:\/\/pilatxperiences.com\/wp-content\/uploads\/2025\/04\/image-1024x683.png 1024w, https:\/\/pilatxperiences.com\/wp-content\/uploads\/2025\/04\/image-300x200.png 300w, https:\/\/pilatxperiences.com\/wp-content\/uploads\/2025\/04\/image-768x513.png 768w, https:\/\/pilatxperiences.com\/wp-content\/uploads\/2025\/04\/image-1536x1025.png 1536w, https:\/\/pilatxperiences.com\/wp-content\/uploads\/2025\/04\/image-2048x1367.png 2048w, https:\/\/pilatxperiences.com\/wp-content\/uploads\/2025\/04\/image-600x400.png 600w\" sizes=\"auto, (max-width: 1024px) 100vw, 1024px\" \/><\/figure><p><strong>V\u00e9lo Tout Terrain \u00e0 Assistance Electrique \/ E-FatBike :<\/strong><\/p><p>A partir de 1,40m, les VTTAE de Rossignol, E-Fat sont des v\u00e9los ludiques, joueurs et funs sur tout types de support: neige, sable, cailloux, racines. Tous types de pratiques sont accept\u00e9s, de la balade \u00e0 la performance!<\/p><figure class=\"wp-block-gallery has-nested-images columns-default is-cropped wp-block-gallery-1 is-layout-flex wp-block-gallery-is-layout-flex\"><figure class=\"wp-block-image size-large\"><img loading=\"lazy\" decoding=\"async\" width=\"1024\" height=\"1024\" data-id=\"403\" src=\"https:\/\/pilatxperiences.com\/wp-content\/uploads\/2025\/04\/RMM5013M_E-TRACK_FAT_RGB72DPI_02-1-1024x1024.jpg\" alt=\"\" class=\"wp-image-403\" srcset=\"https:\/\/pilatxperiences.com\/wp-content\/uploads\/2025\/04\/RMM5013M_E-TRACK_FAT_RGB72DPI_02-1-1024x1024.jpg 1024w, https:\/\/pilatxperiences.com\/wp-content\/uploads\/2025\/04\/RMM5013M_E-TRACK_FAT_RGB72DPI_02-1-300x300.jpg 300w, https:\/\/pilatxperiences.com\/wp-content\/uploads\/2025\/04\/RMM5013M_E-TRACK_FAT_RGB72DPI_02-1-150x150.jpg 150w, https:\/\/pilatxperiences.com\/wp-content\/uploads\/2025\/04\/RMM5013M_E-TRACK_FAT_RGB72DPI_02-1-768x768.jpg 768w, https:\/\/pilatxperiences.com\/wp-content\/uploads\/2025\/04\/RMM5013M_E-TRACK_FAT_RGB72DPI_02-1-600x600.jpg 600w, https:\/\/pilatxperiences.com\/wp-content\/uploads\/2025\/04\/RMM5013M_E-TRACK_FAT_RGB72DPI_02-1-100x100.jpg 100w, https:\/\/pilatxperiences.com\/wp-content\/uploads\/2025\/04\/RMM5013M_E-TRACK_FAT_RGB72DPI_02-1.jpg 1200w\" sizes=\"auto, (max-width: 1024px) 100vw, 1024px\" \/><\/figure><\/figure><p><strong>V\u00e9lo Tout Terrain \u00e0 Assistance Electrique \/ E-FatBike:<\/strong><\/p><p><strong>En exclusivit\u00e9 pour le Parc du Pilat, en France et en Europe<\/strong><\/p><p>Nous avons l&#8217;exclusivit\u00e9 des VTTAE E-Rungu, Fat Bike \u00e0 3 roues, stables, s\u00e9curisants et dr\u00f4lement joueurs. Ils vous entraineront aux 4 coins du massif!<\/p><figure class=\"wp-block-image size-large\"><a href=\"https:\/\/pilatxperiences.com\/index.php\/Louer%20Votre%20Monture\/vtt-a-assistance-electrique-erungu-location\/\"><img loading=\"lazy\" decoding=\"async\" width=\"1024\" height=\"819\" src=\"https:\/\/pilatxperiences.com\/wp-content\/uploads\/2025\/04\/MidnightBlack-RDSTD-34V-WR_5000x-1-1024x819.webp\" alt=\"\" class=\"wp-image-404\" srcset=\"https:\/\/pilatxperiences.com\/wp-content\/uploads\/2025\/04\/MidnightBlack-RDSTD-34V-WR_5000x-1-1024x819.webp 1024w, https:\/\/pilatxperiences.com\/wp-content\/uploads\/2025\/04\/MidnightBlack-RDSTD-34V-WR_5000x-1-300x240.webp 300w, https:\/\/pilatxperiences.com\/wp-content\/uploads\/2025\/04\/MidnightBlack-RDSTD-34V-WR_5000x-1-768x615.webp 768w, https:\/\/pilatxperiences.com\/wp-content\/uploads\/2025\/04\/MidnightBlack-RDSTD-34V-WR_5000x-1-600x480.webp 600w, https:\/\/pilatxperiences.com\/wp-content\/uploads\/2025\/04\/MidnightBlack-RDSTD-34V-WR_5000x-1.webp 1066w\" sizes=\"auto, (max-width: 1024px) 100vw, 1024px\" \/><\/a><\/figure><p><strong>VTT \/ FatBike Enfant<\/strong>:<\/p><p>Vos enfants pourront s&#8217;initier aux v\u00e9los de montagne, 20 ou 24 pouces,  sur terrain priv\u00e9 ou sur le domaine nordique (avec ou sans corde de tractage). Confortable ou joueur, les v\u00e9los sont accessible d\u00e8s 6 ans!<br><\/p><figure class=\"wp-block-image size-full\"><img loading=\"lazy\" decoding=\"async\" width=\"1080\" height=\"810\" src=\"https:\/\/pilatxperiences.com\/wp-content\/uploads\/2025\/05\/felt_cruncher_24_inch_kids_fat_bike_1555126475_4c87ef00_progressive.jpg\" alt=\"\" class=\"wp-image-461\" srcset=\"https:\/\/pilatxperiences.com\/wp-content\/uploads\/2025\/05\/felt_cruncher_24_inch_kids_fat_bike_1555126475_4c87ef00_progressive.jpg 1080w, https:\/\/pilatxperiences.com\/wp-content\/uploads\/2025\/05\/felt_cruncher_24_inch_kids_fat_bike_1555126475_4c87ef00_progressive-300x225.jpg 300w, https:\/\/pilatxperiences.com\/wp-content\/uploads\/2025\/05\/felt_cruncher_24_inch_kids_fat_bike_1555126475_4c87ef00_progressive-1024x768.jpg 1024w, https:\/\/pilatxperiences.com\/wp-content\/uploads\/2025\/05\/felt_cruncher_24_inch_kids_fat_bike_1555126475_4c87ef00_progressive-768x576.jpg 768w, https:\/\/pilatxperiences.com\/wp-content\/uploads\/2025\/05\/felt_cruncher_24_inch_kids_fat_bike_1555126475_4c87ef00_progressive-600x450.jpg 600w\" sizes=\"auto, (max-width: 1080px) 100vw, 1080px\" \/><\/figure><p><strong>Draisienne<\/strong>:<\/p><p>Le jeune rider pourra s&#8217;amuser sur tout type de terrain avec confort gr\u00e2ce aux pneus gonflables. Le mandate Uno est id\u00e9al pour que les futurs champions travaillent l&#8217;\u00e9quilibre et les bons r\u00e9flexes sur le v\u00e9lo sans passer par les roulettes !<br><\/p><figure class=\"wp-block-image size-full\"><img loading=\"lazy\" decoding=\"async\" width=\"600\" height=\"600\" src=\"https:\/\/pilatxperiences.com\/wp-content\/uploads\/2025\/04\/RMM5020_MANDATE_UNO_RGB72DPI_02.jpg\" alt=\"\" class=\"wp-image-401\" srcset=\"https:\/\/pilatxperiences.com\/wp-content\/uploads\/2025\/04\/RMM5020_MANDATE_UNO_RGB72DPI_02.jpg 600w, https:\/\/pilatxperiences.com\/wp-content\/uploads\/2025\/04\/RMM5020_MANDATE_UNO_RGB72DPI_02-300x300.jpg 300w, https:\/\/pilatxperiences.com\/wp-content\/uploads\/2025\/04\/RMM5020_MANDATE_UNO_RGB72DPI_02-150x150.jpg 150w, https:\/\/pilatxperiences.com\/wp-content\/uploads\/2025\/04\/RMM5020_MANDATE_UNO_RGB72DPI_02-100x100.jpg 100w\" sizes=\"auto, (max-width: 600px) 100vw, 600px\" \/><\/figure><p>Le jeune rider pourra s&#8217;amuser sur tout type de terrain avec confort gr\u00e2ce aux pneus gonflables. Le mandate Uno est id\u00e9al pour que les futurs champions travaillent l&#8217;\u00e9quilibre et les bons r\u00e9flexes sur le v\u00e9lo sans passer par les roulettes !<br><\/p><p><strong>Nos accessoires pour emmener vos enfants en balade<\/strong>:<\/p><p><strong>ShotGun<\/strong>, selle et guidon adaptable sur tous les VTTAE\/E-FatBike Rossignol! D\u00e9s 2 ans.<\/p><figure class=\"wp-block-image size-full is-resized\"><img loading=\"lazy\" decoding=\"async\" width=\"523\" height=\"945\" src=\"https:\/\/pilatxperiences.com\/wp-content\/uploads\/2025\/05\/IMG_2468-1.jpg\" alt=\"\" class=\"wp-image-463\" style=\"width:338px;height:auto\" srcset=\"https:\/\/pilatxperiences.com\/wp-content\/uploads\/2025\/05\/IMG_2468-1.jpg 523w, https:\/\/pilatxperiences.com\/wp-content\/uploads\/2025\/05\/IMG_2468-1-166x300.jpg 166w\" sizes=\"auto, (max-width: 523px) 100vw, 523px\" \/><\/figure><p><strong>Weehoo<\/strong>, remorque monoroue pour arpenter les singles du Pilat, pendant que votre enfant p\u00e9dale ou fait la sieste <\/p><figure class=\"wp-block-image size-large\"><img loading=\"lazy\" decoding=\"async\" width=\"1024\" height=\"768\" src=\"https:\/\/pilatxperiences.com\/wp-content\/uploads\/2025\/05\/20230916_104335-1024x768.jpg\" alt=\"\" class=\"wp-image-464\" srcset=\"https:\/\/pilatxperiences.com\/wp-content\/uploads\/2025\/05\/20230916_104335-1024x768.jpg 1024w, https:\/\/pilatxperiences.com\/wp-content\/uploads\/2025\/05\/20230916_104335-300x225.jpg 300w, https:\/\/pilatxperiences.com\/wp-content\/uploads\/2025\/05\/20230916_104335-768x576.jpg 768w, https:\/\/pilatxperiences.com\/wp-content\/uploads\/2025\/05\/20230916_104335-1536x1152.jpg 1536w, https:\/\/pilatxperiences.com\/wp-content\/uploads\/2025\/05\/20230916_104335-2048x1536.jpg 2048w, https:\/\/pilatxperiences.com\/wp-content\/uploads\/2025\/05\/20230916_104335-600x450.jpg 600w\" sizes=\"auto, (max-width: 1024px) 100vw, 1024px\" \/><\/figure><p><strong>Corde de Traction<\/strong> <strong>PXP<\/strong>, pour aider \u00e0 tracter le v\u00e9lo de votre enfant lors des sorties familiales<\/p><figure class=\"wp-block-image size-full is-resized\"><img loading=\"lazy\" decoding=\"async\" width=\"425\" height=\"424\" src=\"https:\/\/pilatxperiences.com\/wp-content\/uploads\/2025\/05\/image-2.png\" alt=\"\" class=\"wp-image-466\" style=\"width:291px;height:auto\" srcset=\"https:\/\/pilatxperiences.com\/wp-content\/uploads\/2025\/05\/image-2.png 425w, https:\/\/pilatxperiences.com\/wp-content\/uploads\/2025\/05\/image-2-300x300.png 300w, https:\/\/pilatxperiences.com\/wp-content\/uploads\/2025\/05\/image-2-150x150.png 150w, https:\/\/pilatxperiences.com\/wp-content\/uploads\/2025\/05\/image-2-100x100.png 100w\" sizes=\"auto, (max-width: 425px) 100vw, 425px\" \/><\/figure>","protected":false},"excerpt":{"rendered":"<p>Location de V\u00e9lo Tout Terrain \u00e0 Assistance Electrique et Trottinette Tout Terrain Electrique dans le Massif du Pilat Seul(e), en famille ou entre amis, notre Parc de Location s&#8217;adapte \u00e0 tous, de 3 \u00e0 99 ans! Trottinette Tout Terrain Electrique: A partir de 14 ans, fun et diff\u00e9rent, arpentez les sentiers et pistes, profitez de [&hellip;]<\/p>\n","protected":false},"author":1,"featured_media":0,"parent":0,"menu_order":0,"comment_status":"closed","ping_status":"closed","template":"","meta":{"footnotes":""},"class_list":["post-31","page","type-page","status-publish","hentry"],"jetpack_sharing_enabled":true,"_links":{"self":[{"href":"https:\/\/pilatxperiences.com\/index.php\/wp-json\/wp\/v2\/pages\/31","targetHints":{"allow":["GET"]}}],"collection":[{"href":"https:\/\/pilatxperiences.com\/index.php\/wp-json\/wp\/v2\/pages"}],"about":[{"href":"https:\/\/pilatxperiences.com\/index.php\/wp-json\/wp\/v2\/types\/page"}],"author":[{"embeddable":true,"href":"https:\/\/pilatxperiences.com\/index.php\/wp-json\/wp\/v2\/users\/1"}],"replies":[{"embeddable":true,"href":"https:\/\/pilatxperiences.com\/index.php\/wp-json\/wp\/v2\/comments?post=31"}],"version-history":[{"count":8,"href":"https:\/\/pilatxperiences.com\/index.php\/wp-json\/wp\/v2\/pages\/31\/revisions"}],"predecessor-version":[{"id":1196,"href":"https:\/\/pilatxperiences.com\/index.php\/wp-json\/wp\/v2\/pages\/31\/revisions\/1196"}],"wp:attachment":[{"href":"https:\/\/pilatxperiences.com\/index.php\/wp-json\/wp\/v2\/media?parent=31"}],"curies":[{"name":"wp","href":"https:\/\/api.w.org\/{rel}","templated":true}]}}